{"id":325,"date":"2016-03-16T03:01:54","date_gmt":"2016-03-16T03:01:54","guid":{"rendered":"https:\/\/inteligensa.com\/?page_id=325"},"modified":"2016-07-26T16:13:28","modified_gmt":"2016-07-26T16:13:28","slug":"tecnico-pos-impresoras","status":"publish","type":"page","link":"https:\/\/test2.inteligensa.com\/en\/pos-services-and-instant-issue-printers\/","title":{"rendered":"POS Services and Instant Issue Printers"},"content":{"rendered":"<div class=\"su-row\">\n<div class=\"su-column su-column-size-1-6\"><div class=\"su-column-inner su-u-clearfix su-u-trim\"> <img loading=\"lazy\" decoding=\"async\" class=\"size-medium wp-image-496 aligncenter\" src=\"https:\/\/inteligensa.com\/wp-content\/uploads\/2016\/05\/icon-servitec.png\" alt=\"icon servicio tecnico\" width=\"110\" height=\"110\" \/><br \/>\n<\/div><\/div>\n<div class=\"su-column su-column-size-5-6\"><div class=\"su-column-inner su-u-clearfix su-u-trim\">\n<p>Our extensive experience allows us to offer the highest quality service for local maintenance of POS terminals and instant personalization equipment. Thanks to our comprehensive service, in addition to the rental and sale of such equipment, we will also provide preventive and corrective maintenance.<\/p>\n<p>We have the best team of technicians and professionals, specially trained in the field, ready to provide timely solution to your problems, with the utmost dedication and care.<\/p>\n<\/div><\/div>\n<\/div>\n<hr \/>\n<h6>Maintenance<\/h6>\n<div class=\"su-row\">\n<div class=\"su-column su-column-size-2-5\"><div class=\"su-column-inner su-u-clearfix su-u-trim\">\n<p><img loading=\"lazy\" decoding=\"async\" class=\"aligncenter size-full wp-image-1199\" src=\"https:\/\/inteligensa.com\/wp-content\/uploads\/2016\/05\/serv-tecnico.png\" alt=\"Maintenance\" width=\"709\" height=\"354\" \/> <\/div><\/div>\n<div class=\"su-column su-column-size-3-5\"><div class=\"su-column-inner su-u-clearfix su-u-trim\"> As a company with a long career and extensive experience, we can offer the highest quality service for maintenance of your POS terminals and Instant Issue Printers. Our technicians and professionals, specially trained in the field, will provide a timely solution to your problems.<\/p>\n<\/div><\/div>\n<\/div>\n<hr \/>\n<h6>Immediate Response Time<\/h6>\n<div class=\"su-row\">\n<div class=\"su-column su-column-size-2-5\"><div class=\"su-column-inner su-u-clearfix su-u-trim\"> <img loading=\"lazy\" decoding=\"async\" class=\"aligncenter size-full wp-image-1200\" src=\"https:\/\/inteligensa.com\/wp-content\/uploads\/2016\/07\/resp-inm.png\" alt=\"Immediate Response Time\" width=\"709\" height=\"354\" \/> <\/div><\/div>\n<div class=\"su-column su-column-size-3-5\"><div class=\"su-column-inner su-u-clearfix su-u-trim\">\n<p>Your time is valuable, that is why our team works to solve your problems in the shortest possible time.<\/p>\n<\/div><\/div>\n<\/div>","protected":false},"excerpt":{"rendered":"<p>Maintenance Immediate Response Time<\/p>\n","protected":false},"author":5,"featured_media":0,"parent":0,"menu_order":0,"comment_status":"closed","ping_status":"closed","template":"page-fullwidth.php","meta":{"_acf_changed":false,"footnotes":""},"class_list":["post-325","page","type-page","status-publish","hentry"],"acf":[],"yoast_head":"<!-- This site is optimized with the Yoast SEO plugin v27.5 - https:\/\/yoast.com\/product\/yoast-seo-wordpress\/ -->\n<title>POS Services and Instant Issue Printers - Inteligensa<\/title>\n<meta name=\"robots\" content=\"index, follow, max-snippet:-1, max-image-preview:large, max-video-preview:-1\" \/>\n<link rel=\"canonical\" href=\"https:\/\/test2.inteligensa.com\/servicio-tecnico-pos-impresoras\/\" \/>\n<meta property=\"og:locale\" content=\"en_US\" \/>\n<meta property=\"og:type\" content=\"article\" \/>\n<meta property=\"og:title\" content=\"POS Services and Instant Issue Printers - Inteligensa\" \/>\n<meta property=\"og:description\" content=\"Maintenance Immediate Response Time\" \/>\n<meta property=\"og:url\" content=\"https:\/\/test2.inteligensa.com\/servicio-tecnico-pos-impresoras\/\" \/>\n<meta property=\"og:site_name\" content=\"Inteligensa\" \/>\n<meta property=\"article:publisher\" content=\"https:\/\/www.facebook.com\/inteligensa\" \/>\n<meta property=\"article:modified_time\" content=\"2016-07-26T16:13:28+00:00\" \/>\n<meta property=\"og:image\" content=\"https:\/\/inteligensa.com\/wp-content\/uploads\/2016\/05\/icon-servitec.png\" \/>\n<meta name=\"twitter:card\" content=\"summary_large_image\" \/>\n<meta name=\"twitter:site\" content=\"@inteligensa\" \/>\n<meta name=\"twitter:label1\" content=\"Est. reading time\" \/>\n\t<meta name=\"twitter:data1\" content=\"2 minutes\" \/>\n<script type=\"application\/ld+json\" class=\"yoast-schema-graph\">{\"@context\":\"https:\\\/\\\/schema.org\",\"@graph\":[{\"@type\":\"WebPage\",\"@id\":\"https:\\\/\\\/test2.inteligensa.com\\\/servicio-tecnico-pos-impresoras\\\/\",\"url\":\"https:\\\/\\\/test2.inteligensa.com\\\/servicio-tecnico-pos-impresoras\\\/\",\"name\":\"POS Services and Instant Issue Printers - Inteligensa\",\"isPartOf\":{\"@id\":\"https:\\\/\\\/test2.inteligensa.com\\\/#website\"},\"primaryImageOfPage\":{\"@id\":\"https:\\\/\\\/test2.inteligensa.com\\\/servicio-tecnico-pos-impresoras\\\/#primaryimage\"},\"image\":{\"@id\":\"https:\\\/\\\/test2.inteligensa.com\\\/servicio-tecnico-pos-impresoras\\\/#primaryimage\"},\"thumbnailUrl\":\"https:\\\/\\\/inteligensa.com\\\/wp-content\\\/uploads\\\/2016\\\/05\\\/icon-servitec.png\",\"datePublished\":\"2016-03-16T03:01:54+00:00\",\"dateModified\":\"2016-07-26T16:13:28+00:00\",\"breadcrumb\":{\"@id\":\"https:\\\/\\\/test2.inteligensa.com\\\/servicio-tecnico-pos-impresoras\\\/#breadcrumb\"},\"inLanguage\":\"en-US\",\"potentialAction\":[{\"@type\":\"ReadAction\",\"target\":[\"https:\\\/\\\/test2.inteligensa.com\\\/servicio-tecnico-pos-impresoras\\\/\"]}]},{\"@type\":\"ImageObject\",\"inLanguage\":\"en-US\",\"@id\":\"https:\\\/\\\/test2.inteligensa.com\\\/servicio-tecnico-pos-impresoras\\\/#primaryimage\",\"url\":\"https:\\\/\\\/inteligensa.com\\\/wp-content\\\/uploads\\\/2016\\\/05\\\/icon-servitec.png\",\"contentUrl\":\"https:\\\/\\\/inteligensa.com\\\/wp-content\\\/uploads\\\/2016\\\/05\\\/icon-servitec.png\"},{\"@type\":\"BreadcrumbList\",\"@id\":\"https:\\\/\\\/test2.inteligensa.com\\\/servicio-tecnico-pos-impresoras\\\/#breadcrumb\",\"itemListElement\":[{\"@type\":\"ListItem\",\"position\":1,\"name\":\"Portada\",\"item\":\"https:\\\/\\\/test2.inteligensa.com\\\/\"},{\"@type\":\"ListItem\",\"position\":2,\"name\":\"Servicio T\u00e9cnico POS e Impresoras de emisi\u00f3n Instant\u00e1nea\"}]},{\"@type\":\"WebSite\",\"@id\":\"https:\\\/\\\/test2.inteligensa.com\\\/#website\",\"url\":\"https:\\\/\\\/test2.inteligensa.com\\\/\",\"name\":\"Inteligensa\",\"description\":\"Soluciones inteligentes para negocios masivos\",\"publisher\":{\"@id\":\"https:\\\/\\\/test2.inteligensa.com\\\/#organization\"},\"potentialAction\":[{\"@type\":\"SearchAction\",\"target\":{\"@type\":\"EntryPoint\",\"urlTemplate\":\"https:\\\/\\\/test2.inteligensa.com\\\/?s={search_term_string}\"},\"query-input\":{\"@type\":\"PropertyValueSpecification\",\"valueRequired\":true,\"valueName\":\"search_term_string\"}}],\"inLanguage\":\"en-US\"},{\"@type\":\"Organization\",\"@id\":\"https:\\\/\\\/test2.inteligensa.com\\\/#organization\",\"name\":\"Inteligensa\",\"url\":\"https:\\\/\\\/test2.inteligensa.com\\\/\",\"logo\":{\"@type\":\"ImageObject\",\"inLanguage\":\"en-US\",\"@id\":\"https:\\\/\\\/test2.inteligensa.com\\\/#\\\/schema\\\/logo\\\/image\\\/\",\"url\":\"\",\"contentUrl\":\"\",\"caption\":\"Inteligensa\"},\"image\":{\"@id\":\"https:\\\/\\\/test2.inteligensa.com\\\/#\\\/schema\\\/logo\\\/image\\\/\"},\"sameAs\":[\"https:\\\/\\\/www.facebook.com\\\/inteligensa\",\"https:\\\/\\\/x.com\\\/inteligensa\",\"https:\\\/\\\/www.linkedin.com\\\/company\\\/inteligensa\",\"https:\\\/\\\/www.youtube.com\\\/user\\\/inteligensa\"]}]}<\/script>\n<!-- \/ Yoast SEO plugin. -->","yoast_head_json":{"title":"POS Services and Instant Issue Printers - Inteligensa","robots":{"index":"index","follow":"follow","max-snippet":"max-snippet:-1","max-image-preview":"max-image-preview:large","max-video-preview":"max-video-preview:-1"},"canonical":"https:\/\/test2.inteligensa.com\/servicio-tecnico-pos-impresoras\/","og_locale":"en_US","og_type":"article","og_title":"POS Services and Instant Issue Printers - Inteligensa","og_description":"Maintenance Immediate Response Time","og_url":"https:\/\/test2.inteligensa.com\/servicio-tecnico-pos-impresoras\/","og_site_name":"Inteligensa","article_publisher":"https:\/\/www.facebook.com\/inteligensa","article_modified_time":"2016-07-26T16:13:28+00:00","og_image":[{"url":"https:\/\/inteligensa.com\/wp-content\/uploads\/2016\/05\/icon-servitec.png","type":"","width":"","height":""}],"twitter_card":"summary_large_image","twitter_site":"@inteligensa","twitter_misc":{"Est. reading time":"2 minutes"},"schema":{"@context":"https:\/\/schema.org","@graph":[{"@type":"WebPage","@id":"https:\/\/test2.inteligensa.com\/servicio-tecnico-pos-impresoras\/","url":"https:\/\/test2.inteligensa.com\/servicio-tecnico-pos-impresoras\/","name":"POS Services and Instant Issue Printers - Inteligensa","isPartOf":{"@id":"https:\/\/test2.inteligensa.com\/#website"},"primaryImageOfPage":{"@id":"https:\/\/test2.inteligensa.com\/servicio-tecnico-pos-impresoras\/#primaryimage"},"image":{"@id":"https:\/\/test2.inteligensa.com\/servicio-tecnico-pos-impresoras\/#primaryimage"},"thumbnailUrl":"https:\/\/inteligensa.com\/wp-content\/uploads\/2016\/05\/icon-servitec.png","datePublished":"2016-03-16T03:01:54+00:00","dateModified":"2016-07-26T16:13:28+00:00","breadcrumb":{"@id":"https:\/\/test2.inteligensa.com\/servicio-tecnico-pos-impresoras\/#breadcrumb"},"inLanguage":"en-US","potentialAction":[{"@type":"ReadAction","target":["https:\/\/test2.inteligensa.com\/servicio-tecnico-pos-impresoras\/"]}]},{"@type":"ImageObject","inLanguage":"en-US","@id":"https:\/\/test2.inteligensa.com\/servicio-tecnico-pos-impresoras\/#primaryimage","url":"https:\/\/inteligensa.com\/wp-content\/uploads\/2016\/05\/icon-servitec.png","contentUrl":"https:\/\/inteligensa.com\/wp-content\/uploads\/2016\/05\/icon-servitec.png"},{"@type":"BreadcrumbList","@id":"https:\/\/test2.inteligensa.com\/servicio-tecnico-pos-impresoras\/#breadcrumb","itemListElement":[{"@type":"ListItem","position":1,"name":"Portada","item":"https:\/\/test2.inteligensa.com\/"},{"@type":"ListItem","position":2,"name":"Servicio T\u00e9cnico POS e Impresoras de emisi\u00f3n Instant\u00e1nea"}]},{"@type":"WebSite","@id":"https:\/\/test2.inteligensa.com\/#website","url":"https:\/\/test2.inteligensa.com\/","name":"Inteligensa","description":"Soluciones inteligentes para negocios masivos","publisher":{"@id":"https:\/\/test2.inteligensa.com\/#organization"},"potentialAction":[{"@type":"SearchAction","target":{"@type":"EntryPoint","urlTemplate":"https:\/\/test2.inteligensa.com\/?s={search_term_string}"},"query-input":{"@type":"PropertyValueSpecification","valueRequired":true,"valueName":"search_term_string"}}],"inLanguage":"en-US"},{"@type":"Organization","@id":"https:\/\/test2.inteligensa.com\/#organization","name":"Inteligensa","url":"https:\/\/test2.inteligensa.com\/","logo":{"@type":"ImageObject","inLanguage":"en-US","@id":"https:\/\/test2.inteligensa.com\/#\/schema\/logo\/image\/","url":"","contentUrl":"","caption":"Inteligensa"},"image":{"@id":"https:\/\/test2.inteligensa.com\/#\/schema\/logo\/image\/"},"sameAs":["https:\/\/www.facebook.com\/inteligensa","https:\/\/x.com\/inteligensa","https:\/\/www.linkedin.com\/company\/inteligensa","https:\/\/www.youtube.com\/user\/inteligensa"]}]}},"_links":{"self":[{"href":"https:\/\/test2.inteligensa.com\/en\/wp-json\/wp\/v2\/pages\/325","targetHints":{"allow":["GET"]}}],"collection":[{"href":"https:\/\/test2.inteligensa.com\/en\/wp-json\/wp\/v2\/pages"}],"about":[{"href":"https:\/\/test2.inteligensa.com\/en\/wp-json\/wp\/v2\/types\/page"}],"author":[{"embeddable":true,"href":"https:\/\/test2.inteligensa.com\/en\/wp-json\/wp\/v2\/users\/5"}],"replies":[{"embeddable":true,"href":"https:\/\/test2.inteligensa.com\/en\/wp-json\/wp\/v2\/comments?post=325"}],"version-history":[{"count":20,"href":"https:\/\/test2.inteligensa.com\/en\/wp-json\/wp\/v2\/pages\/325\/revisions"}],"predecessor-version":[{"id":2062,"href":"https:\/\/test2.inteligensa.com\/en\/wp-json\/wp\/v2\/pages\/325\/revisions\/2062"}],"wp:attachment":[{"href":"https:\/\/test2.inteligensa.com\/en\/wp-json\/wp\/v2\/media?parent=325"}],"curies":[{"name":"wp","href":"https:\/\/api.w.org\/{rel}","templated":true}]}}